{"id":13,"date":"2020-02-25T17:59:29","date_gmt":"2020-02-25T17:59:29","guid":{"rendered":"http:\/\/www.gcultural.cat\/?page_id=13"},"modified":"2020-11-08T19:56:31","modified_gmt":"2020-11-08T19:56:31","slug":"qui-som","status":"publish","type":"page","link":"https:\/\/www.gcultural.cat\/es\/qui-som\/","title":{"rendered":"Qui\u00e9n Somos"},"content":{"rendered":"<p>[vc_row][vc_column width=&#8221;1\/4&#8243;][\/vc_column][vc_column width=&#8221;1\/2&#8243;][vc_column_text]<\/p>\n<p style=\"text-align: center;\"><em><span style=\"font-family: GothamMedium; font-size: 26px;\">Gesti\u00f3 Cultural es una empresa especializada en la gesti\u00f3n y producci\u00f3n de <\/span><\/em><em><span style=\"font-family: GothamMedium; font-size: 26px;\">proyectos culturales, con m\u00e1s de 15 a\u00f1os de experiencia tanto en el sector <\/span><\/em><em><span style=\"font-family: GothamMedium; font-size: 26px;\">p\u00fablico como en el sector privado. <\/span><\/em><\/p>\n<p style=\"text-align: center;\"><em><span style=\"font-family: GothamMedium; font-size: 26px;\">Gesti\u00f3 Cultural es sin\u00f3nimo de calidad, profesionalidad e implicaci\u00f3n.<\/span><\/em><\/p>\n<p>[\/vc_column_text][\/vc_column][vc_column width=&#8221;1\/4&#8243;][\/vc_column][\/vc_row][vc_row][vc_column][vc_empty_space height=&#8221;85px&#8221;][\/vc_column][\/vc_row][vc_row][vc_column][vc_column_text]<\/p>\n<div class=\"page\" title=\"Page 2\">\n<div class=\"section\">\n<div class=\"layoutArea\">\n<div class=\"column\">\n<p style=\"text-align: center;\"><em><span style=\"font-family: GothamBold; font-size: 30px;\">HACEMOS REALIDAD TU PROYECTO CULTURAL<\/span><\/em><\/p>\n<\/div>\n<\/div>\n<\/div>\n<\/div>\n<p>[\/vc_column_text][\/vc_column][\/vc_row][vc_row][vc_column][vc_empty_space height=&#8221;5px&#8221;][\/vc_column][\/vc_row][vc_row equal_height=&#8221;yes&#8221; content_placement=&#8221;middle&#8221;][vc_column width=&#8221;4\/12&#8243; css=&#8221;.vc_custom_1583791463747{background-image: url(http:\/\/www.gcultural.cat\/wp-content\/uploads\/2020\/03\/QUI-SOM-1.png?id=386) !important;background-position: center !important;background-repeat: no-repeat !important;background-size: contain !important;}&#8221; el_class=&#8221;lletra_fons&#8221;][\/vc_column][vc_column width=&#8221;6\/12&#8243;][vc_column_text]<span style=\"font-size: 23px; font-family: GothamMedium;\">DISE\u00d1AMOS_<\/span><br \/>\n<span style=\"font-family: GothamLight;\"><span style=\"font-size: 23px;\">Ofrecemos soluciones imaginando, dise\u00f1ando y adecuando proyectos <\/span><span style=\"font-size: 23px;\">culturales para nuestros clientes y p\u00fablico. Experimentamos y adaptamos <\/span><span style=\"font-size: 23px;\">formatos creando proyectos innovadores, siempre con el objetivo de acercar la <\/span><span style=\"font-size: 23px;\">cultura y el ocio al p\u00fablico.<\/span><\/span><\/p>\n<p><span style=\"font-size: 23px; font-family: GothamMedium;\">PRODUCIMOS_<\/span><br \/>\n<span style=\"font-family: GothamLight;\"><span style=\"font-size: 23px;\">Dirigimos y producimos diferentes proyectos culturales. Coordinamos equipos <\/span><span style=\"font-size: 23px;\">de trabajo, establecemos contenidos y lideramos equipos. Asumimos la <\/span><span style=\"font-size: 23px;\">organizaci\u00f3n completa o parcial de los proyectos. En Gestio\u0301 Cultural tenemos <\/span><span style=\"font-size: 23px;\">experiencia en la ejecuci\u00f3n de proyectos muy diversos: exposiciones, <\/span><span style=\"font-size: 23px;\">espect\u00e1culos, programaciones culturales, eventos, museos, centros culturales, <\/span><span style=\"font-size: 23px;\">visitas guiadas, cursos y talleres, actividades infantiles, fiestas mayores, etc.<\/span><\/span><\/p>\n<p><span style=\"font-size: 23px; font-family: GothamMedium;\">COMUNICAMOS_<\/span><br \/>\n<span style=\"font-family: GothamLight;\"><span style=\"font-size: 23px;\">Nos encargamos de dar a conocer y comunicar tu proyecto cultural. Desde la <\/span><span style=\"font-size: 23px;\">gesti\u00f3n de las redes sociales hasta el dise\u00f1o y programaci\u00f3n de campa\u00f1as <\/span><span style=\"font-size: 23px;\">completas. Utilizamos modelos de comunicaci\u00f3n online\/offline como estrategias <\/span><span style=\"font-size: 23px;\">para llegar a p\u00fablicos espec\u00edficos.<\/span><\/span><\/p>\n<p><span style=\"font-size: 23px; font-family: GothamMedium;\">EJECUTAMOS_<\/span><br \/>\n<span style=\"font-family: GothamLight;\"><span style=\"font-size: 23px;\">Disponemos de un equipo de trabajo cualificado, y de materiales t\u00e9cnicos <\/span><span style=\"font-size: 23px;\">propios, para equipar y desarrollar exitosamente cualquier actividad cultural. <\/span><span style=\"font-size: 23px;\">Gesti\u00f3 Cultural es sin\u00f3nimo de calidad y profesionalidad; es por eso que nos <\/span><span style=\"font-size: 23px;\">aseguramos de proveer a los proyectos que desarrollamos con el personal y <\/span><span style=\"font-size: 23px;\">los materiales m\u00e1s adecuados, optimizando los recursos y aprovechando<\/span><\/span><br \/>\n<span style=\"font-size: 23px;\">nuestra estructura pluridisciplinar.<\/span>[\/vc_column_text][\/vc_column][vc_column width=&#8221;2\/12&#8243;][\/vc_column][\/vc_row][vc_row][vc_column el_class=&#8221;guio_fons&#8221; css=&#8221;.vc_custom_1583791475534{background-image: url(http:\/\/www.gcultural.cat\/wp-content\/uploads\/2020\/03\/QUI-SOM-2.png?id=387) !important;background-position: center !important;background-repeat: no-repeat !important;background-size: contain !important;}&#8221;][\/vc_column][\/vc_row][vc_row][vc_column][vc_empty_space height=&#8221;70px&#8221;][\/vc_column][\/vc_row][vc_row disable_element=&#8221;yes&#8221;][vc_column][vc_custom_heading text=&#8221;Gesti\u00f3 Cultural&#8221; font_container=&#8221;tag:h2|text_align:center&#8221; use_theme_fonts=&#8221;yes&#8221; link=&#8221;url:http%3A%2F%2Fwww.gcultural.cat%2Fequip-gc%2F|title:Equip%20GC||&#8221; el_class=&#8221;gcultural_titol_amb_underscore&#8221;][vc_column_text el_class=&#8221;gcultural_titol_no_fons&#8221;]<\/p>\n<h2 style=\"text-align: center;\"><em>PASO A PASO<\/em><\/h2>\n<p>[\/vc_column_text][\/vc_column][\/vc_row][vc_row disable_element=&#8221;yes&#8221;][vc_column][vc_empty_space height=&#8221;25px&#8221;][\/vc_column][\/vc_row][vc_row disable_element=&#8221;yes&#8221; type=&#8221;boxed&#8221;][vc_column][vc_custom_heading text=&#8221;Equipo GC&#8221; font_container=&#8221;tag:h3|text_align:center&#8221; use_theme_fonts=&#8221;yes&#8221; link=&#8221;url:http%3A%2F%2Fwww.gcultural.cat%2Fes%2Fqui-som%2Fequip-gc%2F|title:Equip%20GC||&#8221; el_class=&#8221;gcultural_link_amb_underscore gcultural_titol_amb_fons&#8221;][\/vc_column][\/vc_row][vc_row disable_element=&#8221;yes&#8221;][vc_column][vc_empty_space height=&#8221;70px&#8221;][\/vc_column][\/vc_row]<\/p>\n","protected":false},"excerpt":{"rendered":"<p>[vc_row][vc_column width=&#8221;1\/4&#8243;][\/vc_column][vc_column width=&#8221;1\/2&#8243;][vc_column_text] Gesti\u00f3 Cultural es una empresa especializada en la gesti\u00f3n y producci\u00f3n de proyectos culturales, con m\u00e1s de 15 a\u00f1os de experiencia tanto en el sector p\u00fablico como en el sector privado. Gesti\u00f3 Cultural es sin\u00f3nimo de calidad, profesionalidad e implicaci\u00f3n. [\/vc_column_text][\/vc_column][vc_column width=&#8221;1\/4&#8243;][\/vc_column][\/vc_row][vc_row][vc_column][vc_empty_space height=&#8221;85px&#8221;][\/vc_column][\/vc_row][vc_row][vc_column][vc_column_text] HACEMOS REALIDAD TU PROYECTO CULTURAL [\/vc_column_text][\/vc_column][\/vc_row][vc_row][vc_column][vc_empty_space height=&#8221;5px&#8221;][\/vc_column][\/vc_row][vc_row equal_height=&#8221;yes&#8221; content_placement=&#8221;middle&#8221;][vc_column [&hellip;]<\/p>\n","protected":false},"author":1,"featured_media":0,"parent":0,"menu_order":0,"comment_status":"closed","ping_status":"closed","template":"page-full-width.php","meta":[],"_links":{"self":[{"href":"https:\/\/www.gcultural.cat\/es\/wp-json\/wp\/v2\/pages\/13"}],"collection":[{"href":"https:\/\/www.gcultural.cat\/es\/wp-json\/wp\/v2\/pages"}],"about":[{"href":"https:\/\/www.gcultural.cat\/es\/wp-json\/wp\/v2\/types\/page"}],"author":[{"embeddable":true,"href":"https:\/\/www.gcultural.cat\/es\/wp-json\/wp\/v2\/users\/1"}],"replies":[{"embeddable":true,"href":"https:\/\/www.gcultural.cat\/es\/wp-json\/wp\/v2\/comments?post=13"}],"version-history":[{"count":54,"href":"https:\/\/www.gcultural.cat\/es\/wp-json\/wp\/v2\/pages\/13\/revisions"}],"predecessor-version":[{"id":1982,"href":"https:\/\/www.gcultural.cat\/es\/wp-json\/wp\/v2\/pages\/13\/revisions\/1982"}],"wp:attachment":[{"href":"https:\/\/www.gcultural.cat\/es\/wp-json\/wp\/v2\/media?parent=13"}],"curies":[{"name":"wp","href":"https:\/\/api.w.org\/{rel}","templated":true}]}}