{"id":19,"date":"2020-02-25T18:02:07","date_gmt":"2020-02-25T18:02:07","guid":{"rendered":"http:\/\/www.gcultural.cat\/?page_id=19"},"modified":"2020-04-24T18:22:18","modified_gmt":"2020-04-24T18:22:18","slug":"equip-gc","status":"publish","type":"page","link":"https:\/\/www.gcultural.cat\/es\/qui-som\/equip-gc\/","title":{"rendered":"Equipo GC"},"content":{"rendered":"<p>[vc_row][vc_column][vc_column_text]<style><\/style><div class=\"staff-member-listing \"><div class=\"staff-member even \">\r\n\t<img class=\"staff-member-photo\" src=\"https:\/\/www.gcultural.cat\/wp-content\/uploads\/2020\/04\/01.JOAN_.jpg\" alt=\"JOAN COTS : Gerente\">\r\n\t<div class=\"staff-member-info-wrap\">\r\n\t\t<h3 class=\"staff-member-name\">JOAN COTS<\/h3>\r\n\t\t<h4 class=\"staff-member-position\">Gerente<\/h4>\r\n\t<\/div>\r\n<\/div> <!-- Close staff-member --><div class=\"staff-member odd \">\r\n\t<img class=\"staff-member-photo\" src=\"https:\/\/www.gcultural.cat\/wp-content\/uploads\/2020\/04\/02.MARTI_.jpg\" alt=\"MARTI BOSCH : Direcci\u00f3n de Proyectos\">\r\n\t<div class=\"staff-member-info-wrap\">\r\n\t\t<h3 class=\"staff-member-name\">MARTI BOSCH<\/h3>\r\n\t\t<h4 class=\"staff-member-position\">Direcci\u00f3n de Proyectos<\/h4>\r\n\t<\/div>\r\n<\/div> <!-- Close staff-member --><div class=\"staff-member even \">\r\n\t<img class=\"staff-member-photo\" src=\"https:\/\/www.gcultural.cat\/wp-content\/uploads\/2020\/04\/03.ANNAFE.jpg\" alt=\"ANNA FE : Direcci\u00f3n de Comunicaci\u00f3n y Recursos Humanos\">\r\n\t<div class=\"staff-member-info-wrap\">\r\n\t\t<h3 class=\"staff-member-name\">ANNA FE<\/h3>\r\n\t\t<h4 class=\"staff-member-position\">Direcci\u00f3n de Comunicaci\u00f3n y Recursos Humanos<\/h4>\r\n\t<\/div>\r\n<\/div> <!-- Close staff-member --><div class=\"staff-member odd \">\r\n\t<img class=\"staff-member-photo\" src=\"https:\/\/www.gcultural.cat\/wp-content\/uploads\/2020\/04\/04.ALBAJOHE.jpg\" alt=\"ALBA JOH\u00c9 : Coordinadora Programaci\u00f3n Cultural\">\r\n\t<div class=\"staff-member-info-wrap\">\r\n\t\t<h3 class=\"staff-member-name\">ALBA JOH\u00c9<\/h3>\r\n\t\t<h4 class=\"staff-member-position\">Coordinadora Programaci\u00f3n Cultural<\/h4>\r\n\t<\/div>\r\n<\/div> <!-- Close staff-member --><div class=\"staff-member even \">\r\n\t<img class=\"staff-member-photo\" src=\"https:\/\/www.gcultural.cat\/wp-content\/uploads\/2020\/04\/05.OTGER_.jpg\" alt=\"OTGER ESTANYOL : Coordinador Proyectos Formativos\">\r\n\t<div class=\"staff-member-info-wrap\">\r\n\t\t<h3 class=\"staff-member-name\">OTGER ESTANYOL<\/h3>\r\n\t\t<h4 class=\"staff-member-position\">Coordinador Proyectos Formativos<\/h4>\r\n\t<\/div>\r\n<\/div> <!-- Close staff-member --><div class=\"staff-member odd \">\r\n\t<img class=\"staff-member-photo\" src=\"https:\/\/www.gcultural.cat\/wp-content\/uploads\/2025\/02\/RAFA-1.jpg\" alt=\"JORDI PORTALES : Jefe T\u00e9cnico Sonido e Iluminaci\u00f3n\">\r\n\t<div class=\"staff-member-info-wrap\">\r\n\t\t<h3 class=\"staff-member-name\">JORDI PORTALES<\/h3>\r\n\t\t<h4 class=\"staff-member-position\">Jefe T\u00e9cnico Sonido e Iluminaci\u00f3n<\/h4>\r\n\t<\/div>\r\n<\/div> <!-- Close staff-member --><div class=\"staff-member even \">\r\n\t<img class=\"staff-member-photo\" src=\"https:\/\/www.gcultural.cat\/wp-content\/uploads\/2020\/04\/10.XAVI_.jpg\" alt=\"XAVIER MARQU\u00c8S : Montaje y Responsable de Almacenes\">\r\n\t<div class=\"staff-member-info-wrap\">\r\n\t\t<h3 class=\"staff-member-name\">XAVIER MARQU\u00c8S<\/h3>\r\n\t\t<h4 class=\"staff-member-position\">Montaje y Responsable de Almacenes<\/h4>\r\n\t<\/div>\r\n<\/div> <!-- Close staff-member --><div class=\"staff-member odd \">\r\n\t<img class=\"staff-member-photo\" src=\"https:\/\/www.gcultural.cat\/wp-content\/uploads\/2020\/04\/07.MARCAUMEDES.jpg\" alt=\"MARC AUMEDES : T\u00e9cnico de Sonido\">\r\n\t<div class=\"staff-member-info-wrap\">\r\n\t\t<h3 class=\"staff-member-name\">MARC AUMEDES<\/h3>\r\n\t\t<h4 class=\"staff-member-position\">T\u00e9cnico de Sonido<\/h4>\r\n\t<\/div>\r\n<\/div> <!-- Close staff-member --><div class=\"staff-member even \">\r\n\t<img class=\"staff-member-photo\" src=\"https:\/\/www.gcultural.cat\/wp-content\/uploads\/2020\/04\/08.ISAAC_.jpg\" alt=\"ISAAC LLOSES : T\u00e9cnico de Sonido\">\r\n\t<div class=\"staff-member-info-wrap\">\r\n\t\t<h3 class=\"staff-member-name\">ISAAC LLOSES<\/h3>\r\n\t\t<h4 class=\"staff-member-position\">T\u00e9cnico de Sonido<\/h4>\r\n\t<\/div>\r\n<\/div> <!-- Close staff-member --><div class=\"staff-member odd \">\r\n\t<img class=\"staff-member-photo\" src=\"https:\/\/www.gcultural.cat\/wp-content\/uploads\/2020\/04\/JOAN-PLANAS.jpg\" alt=\"ALBERT HERN\u00c1NDEZ : Montaje e Infraestructuras\">\r\n\t<div class=\"staff-member-info-wrap\">\r\n\t\t<h3 class=\"staff-member-name\">ALBERT HERN\u00c1NDEZ<\/h3>\r\n\t\t<h4 class=\"staff-member-position\">Montaje e Infraestructuras<\/h4>\r\n\t<\/div>\r\n<\/div> <!-- Close staff-member --><div class=\"staff-member even \">\r\n\t<img class=\"staff-member-photo\" src=\"https:\/\/www.gcultural.cat\/wp-content\/uploads\/2021\/01\/genis-e1610738609235.jpg\" alt=\"Gen\u00eds Oroval : T\u00e9cnico de sonido e iluminaci\u00f3n\">\r\n\t<div class=\"staff-member-info-wrap\">\r\n\t\t<h3 class=\"staff-member-name\">Gen\u00eds Oroval<\/h3>\r\n\t\t<h4 class=\"staff-member-position\">T\u00e9cnico de sonido e iluminaci\u00f3n<\/h4>\r\n\t<\/div>\r\n<\/div> <!-- Close staff-member --><div class=\"staff-member odd \">\r\n\t<img class=\"staff-member-photo\" src=\"https:\/\/www.gcultural.cat\/wp-content\/uploads\/2020\/04\/12.ALBAVILARDEBO.jpg\" alt=\"ALBA VILARDEB\u00d2 : Dise\u00f1adora Gr\u00e1fica\">\r\n\t<div class=\"staff-member-info-wrap\">\r\n\t\t<h3 class=\"staff-member-name\">ALBA VILARDEB\u00d2<\/h3>\r\n\t\t<h4 class=\"staff-member-position\">Dise\u00f1adora Gr\u00e1fica<\/h4>\r\n\t<\/div>\r\n<\/div> <!-- Close staff-member --><div class=\"staff-member even \">\r\n\t<img class=\"staff-member-photo\" src=\"https:\/\/www.gcultural.cat\/wp-content\/uploads\/2020\/04\/13.ALISCOLL.jpg\" alt=\"ALIS COLL : Dise\u00f1adora Gr\u00e1fica\">\r\n\t<div class=\"staff-member-info-wrap\">\r\n\t\t<h3 class=\"staff-member-name\">ALIS COLL<\/h3>\r\n\t\t<h4 class=\"staff-member-position\">Dise\u00f1adora Gr\u00e1fica<\/h4>\r\n\t<\/div>\r\n<\/div> <!-- Close staff-member --><div class=\"staff-member odd \">\r\n\t<img class=\"staff-member-photo\" src=\"https:\/\/www.gcultural.cat\/wp-content\/uploads\/2020\/04\/VICTOR.jpg\" alt=\"CARLES MAYOL : Comunicaci\u00f3n y Dise\u00f1o\">\r\n\t<div class=\"staff-member-info-wrap\">\r\n\t\t<h3 class=\"staff-member-name\">CARLES MAYOL<\/h3>\r\n\t\t<h4 class=\"staff-member-position\">Comunicaci\u00f3n y Dise\u00f1o<\/h4>\r\n\t<\/div>\r\n<\/div> <!-- Close staff-member --><div class=\"staff-member even \">\r\n\t<img class=\"staff-member-photo\" src=\"https:\/\/www.gcultural.cat\/wp-content\/uploads\/2020\/04\/15.AIDABENITO.jpg\" alt=\"AIDA BENITO : Coordinadora Centro Cultural y Entidades\">\r\n\t<div class=\"staff-member-info-wrap\">\r\n\t\t<h3 class=\"staff-member-name\">AIDA BENITO<\/h3>\r\n\t\t<h4 class=\"staff-member-position\">Coordinadora Centro Cultural y Entidades<\/h4>\r\n\t<\/div>\r\n<\/div> <!-- Close staff-member --><div class=\"staff-member odd \">\r\n\t<img class=\"staff-member-photo\" src=\"https:\/\/www.gcultural.cat\/wp-content\/uploads\/2020\/04\/16.AUGE_.jpg\" alt=\"EUG\u00c8NIA GRANELL : Coordinadora Cesi\u00f3n Espacios y Entidades\">\r\n\t<div class=\"staff-member-info-wrap\">\r\n\t\t<h3 class=\"staff-member-name\">EUG\u00c8NIA GRANELL<\/h3>\r\n\t\t<h4 class=\"staff-member-position\">Coordinadora Cesi\u00f3n Espacios y Entidades<\/h4>\r\n\t<\/div>\r\n<\/div> <!-- Close staff-member --><div class=\"staff-member even \">\r\n\t<img class=\"staff-member-photo\" src=\"https:\/\/www.gcultural.cat\/wp-content\/uploads\/2020\/04\/17.CRIS_.jpg\" alt=\"CRISTINA CAMPMANY : Coordinadora Artes Esc\u00e9nicas y Entidades\">\r\n\t<div class=\"staff-member-info-wrap\">\r\n\t\t<h3 class=\"staff-member-name\">CRISTINA CAMPMANY<\/h3>\r\n\t\t<h4 class=\"staff-member-position\">Coordinadora Artes Esc\u00e9nicas y Entidades<\/h4>\r\n\t<\/div>\r\n<\/div> <!-- Close staff-member --><div class=\"staff-member odd \">\r\n\t<img class=\"staff-member-photo\" src=\"https:\/\/www.gcultural.cat\/wp-content\/uploads\/2025\/02\/JOSEP-PLA.jpg\" alt=\"MARC BONFILL : Atenci\u00f3n al P\u00fablico i Visitas Guiadas\">\r\n\t<div class=\"staff-member-info-wrap\">\r\n\t\t<h3 class=\"staff-member-name\">MARC BONFILL<\/h3>\r\n\t\t<h4 class=\"staff-member-position\">Atenci\u00f3n al P\u00fablico i Visitas Guiadas<\/h4>\r\n\t<\/div>\r\n<\/div> <!-- Close staff-member --><div class=\"staff-member even \">\r\n\t<img class=\"staff-member-photo\" src=\"https:\/\/www.gcultural.cat\/wp-content\/uploads\/2020\/04\/18.AIDAMESTRES.jpg\" alt=\"AIDA MESTRES : Coordinadora Proyectos Arte\">\r\n\t<div class=\"staff-member-info-wrap\">\r\n\t\t<h3 class=\"staff-member-name\">AIDA MESTRES<\/h3>\r\n\t\t<h4 class=\"staff-member-position\">Coordinadora Proyectos Arte<\/h4>\r\n\t<\/div>\r\n<\/div> <!-- Close staff-member --><div class=\"staff-member odd \">\r\n\t<img class=\"staff-member-photo\" src=\"https:\/\/www.gcultural.cat\/wp-content\/uploads\/2020\/04\/19.MARIANA.jpg\" alt=\"MARIANA ITURRALDE : Coordinadora Proyectos Educativos Arte\">\r\n\t<div class=\"staff-member-info-wrap\">\r\n\t\t<h3 class=\"staff-member-name\">MARIANA ITURRALDE<\/h3>\r\n\t\t<h4 class=\"staff-member-position\">Coordinadora Proyectos Educativos Arte<\/h4>\r\n\t<\/div>\r\n<\/div> <!-- Close staff-member --><div class=\"staff-member even \">\r\n\t<img class=\"staff-member-photo\" src=\"https:\/\/www.gcultural.cat\/wp-content\/uploads\/2020\/04\/20.NU\u0301RIA.jpg\" alt=\"N\u00daRIA BENET : Responsable Formaci\u00f3n Artes Visuales\">\r\n\t<div class=\"staff-member-info-wrap\">\r\n\t\t<h3 class=\"staff-member-name\">N\u00daRIA BENET<\/h3>\r\n\t\t<h4 class=\"staff-member-position\">Responsable Formaci\u00f3n Artes Visuales<\/h4>\r\n\t<\/div>\r\n<\/div> <!-- Close staff-member --><div class=\"staff-member odd \">\r\n\t<img class=\"staff-member-photo\" src=\"https:\/\/www.gcultural.cat\/wp-content\/uploads\/2020\/04\/22.AITOR_.jpg\" alt=\"AITOR C\u00c1RCOBA : Coordinador Centro Cultural\">\r\n\t<div class=\"staff-member-info-wrap\">\r\n\t\t<h3 class=\"staff-member-name\">AITOR C\u00c1RCOBA<\/h3>\r\n\t\t<h4 class=\"staff-member-position\">Coordinador Centro Cultural<\/h4>\r\n\t<\/div>\r\n<\/div> <!-- Close staff-member --><div class=\"staff-member even \">\r\n\t<img class=\"staff-member-photo\" src=\"https:\/\/www.gcultural.cat\/wp-content\/uploads\/2020\/04\/PAUSANS.jpg\" alt=\"PAU SANS : Coordinador Proyectos Musicales\">\r\n\t<div class=\"staff-member-info-wrap\">\r\n\t\t<h3 class=\"staff-member-name\">PAU SANS<\/h3>\r\n\t\t<h4 class=\"staff-member-position\">Coordinador Proyectos Musicales<\/h4>\r\n\t<\/div>\r\n<\/div> <!-- Close staff-member --><div class=\"staff-member odd \">\r\n\t<img class=\"staff-member-photo\" src=\"https:\/\/www.gcultural.cat\/wp-content\/uploads\/2020\/04\/24.MARIAROMEA.jpg\" alt=\"MARIA ROMEA : Coordinadora Servicios Juveniles\">\r\n\t<div class=\"staff-member-info-wrap\">\r\n\t\t<h3 class=\"staff-member-name\">MARIA ROMEA<\/h3>\r\n\t\t<h4 class=\"staff-member-position\">Coordinadora Servicios Juveniles<\/h4>\r\n\t<\/div>\r\n<\/div> <!-- Close staff-member --><div class=\"staff-member even \">\r\n\t<img class=\"staff-member-photo\" src=\"https:\/\/www.gcultural.cat\/wp-content\/uploads\/2020\/04\/VERA.jpg\" alt=\"VERA GIR\u00d3 : Coordinadora Proyectos Juveniles\">\r\n\t<div class=\"staff-member-info-wrap\">\r\n\t\t<h3 class=\"staff-member-name\">VERA GIR\u00d3<\/h3>\r\n\t\t<h4 class=\"staff-member-position\">Coordinadora Proyectos Juveniles<\/h4>\r\n\t<\/div>\r\n<\/div> <!-- Close staff-member --><div class=\"staff-member odd \">\r\n\t<img class=\"staff-member-photo\" src=\"https:\/\/www.gcultural.cat\/wp-content\/uploads\/2020\/04\/YASIR.jpg\" alt=\"YASIR NAIEB : Dinamitzador juvenil\">\r\n\t<div class=\"staff-member-info-wrap\">\r\n\t\t<h3 class=\"staff-member-name\">YASIR NAIEB<\/h3>\r\n\t\t<h4 class=\"staff-member-position\">Dinamitzador juvenil<\/h4>\r\n\t<\/div>\r\n<\/div> <!-- Close staff-member --><div class=\"staff-member even \">\r\n\t<img class=\"staff-member-photo\" src=\"https:\/\/www.gcultural.cat\/wp-content\/uploads\/2025\/02\/ARNAU-SERRALLONGA.jpg\" alt=\"ARNAU SERRALLONGA : Dinamitzador juvenil i projectes musicals\">\r\n\t<div class=\"staff-member-info-wrap\">\r\n\t\t<h3 class=\"staff-member-name\">ARNAU SERRALLONGA<\/h3>\r\n\t\t<h4 class=\"staff-member-position\">Dinamitzador juvenil i projectes musicals<\/h4>\r\n\t<\/div>\r\n<\/div> <!-- Close staff-member --><div class=\"staff-member odd  last\">\r\n\t<img class=\"staff-member-photo\" src=\"https:\/\/www.gcultural.cat\/wp-content\/uploads\/2025\/02\/MANEL-1.jpg\" alt=\"Manl Guirado : Coordinador Aula Gastron\u00f2mica\">\r\n\t<div class=\"staff-member-info-wrap\">\r\n\t\t<h3 class=\"staff-member-name\">Manl Guirado<\/h3>\r\n\t\t<h4 class=\"staff-member-position\">Coordinador Aula Gastron\u00f2mica<\/h4>\r\n\t<\/div>\r\n<\/div> <!-- Close staff-member --><\/div> <!-- Close staff-member-listing -->[\/vc_column_text][\/vc_column][\/vc_row]<\/p>\n","protected":false},"excerpt":{"rendered":"<p>[vc_row][vc_column][vc_column_text][\/vc_column_text][\/vc_column][\/vc_row]<\/p>\n","protected":false},"author":1,"featured_media":0,"parent":13,"menu_order":0,"comment_status":"closed","ping_status":"closed","template":"","meta":[],"_links":{"self":[{"href":"https:\/\/www.gcultural.cat\/es\/wp-json\/wp\/v2\/pages\/19"}],"collection":[{"href":"https:\/\/www.gcultural.cat\/es\/wp-json\/wp\/v2\/pages"}],"about":[{"href":"https:\/\/www.gcultural.cat\/es\/wp-json\/wp\/v2\/types\/page"}],"author":[{"embeddable":true,"href":"https:\/\/www.gcultural.cat\/es\/wp-json\/wp\/v2\/users\/1"}],"replies":[{"embeddable":true,"href":"https:\/\/www.gcultural.cat\/es\/wp-json\/wp\/v2\/comments?post=19"}],"version-history":[{"count":4,"href":"https:\/\/www.gcultural.cat\/es\/wp-json\/wp\/v2\/pages\/19\/revisions"}],"predecessor-version":[{"id":690,"href":"https:\/\/www.gcultural.cat\/es\/wp-json\/wp\/v2\/pages\/19\/revisions\/690"}],"up":[{"embeddable":true,"href":"https:\/\/www.gcultural.cat\/es\/wp-json\/wp\/v2\/pages\/13"}],"wp:attachment":[{"href":"https:\/\/www.gcultural.cat\/es\/wp-json\/wp\/v2\/media?parent=19"}],"curies":[{"name":"wp","href":"https:\/\/api.w.org\/{rel}","templated":true}]}}