{"id":23,"date":"2020-02-25T18:04:11","date_gmt":"2020-02-25T18:04:11","guid":{"rendered":"http:\/\/www.gcultural.cat\/?page_id=23"},"modified":"2021-01-18T19:31:54","modified_gmt":"2021-01-18T19:31:54","slug":"equipaments-culturals","status":"publish","type":"page","link":"https:\/\/www.gcultural.cat\/es\/que-fem\/equipaments-culturals\/","title":{"rendered":"Gesti\u00f3n de Equipamientos Culturales"},"content":{"rendered":"<p>[vc_row][vc_column width=&#8221;1\/4&#8243;][\/vc_column][vc_column width=&#8221;1\/2&#8243;][vc_column_text]<\/p>\n<p style=\"text-align: center;\"><em><span style=\"font-family: GothamMedium; font-size: 28px;\">Experiencia en dinamizaci\u00f3n global de centros y equipamientos culturales, p\u00fablicos y privados_<\/span><\/em><\/p>\n<p>[\/vc_column_text][\/vc_column][vc_column width=&#8221;1\/4&#8243;][\/vc_column][\/vc_row][vc_row][vc_column][vc_empty_space][\/vc_column][\/vc_row][vc_row equal_height=&#8221;yes&#8221; content_placement=&#8221;middle&#8221;][vc_column width=&#8221;5\/12&#8243; css=&#8221;.vc_custom_1583362377370{background-image: url(http:\/\/www.gcultural.cat\/wp-content\/uploads\/2020\/03\/GESTIO-EQUIPAMENTS-1.png?id=210) !important;background-position: center !important;background-repeat: no-repeat !important;background-size: contain !important;}&#8221; el_class=&#8221;lletra_fons&#8221;][\/vc_column][vc_column width=&#8221;7\/12&#8243;][vc_column_text]<\/p>\n<ul>\n<li><span style=\"font-family: GothamLight; font-size: 28px;\">Gesti\u00f3n integral y explotaci\u00f3n econ\u00f3mica de centros y proyectos culturales<\/span><\/li>\n<li><span style=\"font-family: GothamLight; font-size: 28px;\">Cesi\u00f3n de espacios<\/span><\/li>\n<li><span style=\"font-family: GothamLight; font-size: 28px;\">Programas formativos para j\u00f3venes y adultos<\/span><\/li>\n<li><span style=\"font-family: GothamLight; font-size: 28px;\">Dinamizaci\u00f3n de servicios para usuarios y entidades<\/span><\/li>\n<li><span style=\"font-family: GothamLight; font-size: 28px;\">Programaci\u00f3n estable de actividades culturales<\/span><\/li>\n<li><span style=\"font-family: GothamLight; font-size: 28px;\">Producci\u00f3n t\u00e9cnica de las actividades<\/span><\/li>\n<li><span style=\"font-family: GothamLight; font-size: 28px;\">Estrategia de comunicaci\u00f3n especializada<\/span><\/li>\n<\/ul>\n<p>[\/vc_column_text][\/vc_column][\/vc_row][vc_row][vc_column el_class=&#8221;guio_fons&#8221; css=&#8221;.vc_custom_1583362426417{background-image: url(http:\/\/www.gcultural.cat\/wp-content\/uploads\/2020\/03\/GESTIO-EQUIPAMENTS-2.png?id=211) !important;background-position: center !important;background-repeat: no-repeat !important;background-size: contain !important;}&#8221;][\/vc_column][\/vc_row][vc_row][vc_column][vc_empty_space height=&#8221;70px&#8221;][\/vc_column][\/vc_row][vc_row][vc_column][vc_custom_heading text=&#8221;PROYECTOS&#8221; font_container=&#8221;tag:h3|font_size:36px|text_align:center&#8221; use_theme_fonts=&#8221;yes&#8221; el_class=&#8221;gcultural_projectes_groc&#8221; link=&#8221;url:http%3A%2F%2Fwww.gcultural.cat%2Fes%2Fprojectes%2F|title:Proyectos||&#8221;][\/vc_column][\/vc_row][vc_row][vc_column][vc_empty_space height=&#8221;70px&#8221;][\/vc_column][\/vc_row][vc_row type=&#8221;boxed&#8221;][vc_column]\n    \n\t\t<div class=\"portfolio-isotope-container default_grid items_per_row_4\">\n\n\t        \n\t        <div class=\"portfolio-isotope\">\n\n\t            <div class=\"portfolio-grid-sizer\"><\/div>\n\n\t                \n\t                    <div class=\"portfolio-box hidden   equipaments-culturals \">\n\n\t                        <a href=\"https:\/\/www.gcultural.cat\/es\/portfolio-item\/torre-folch\/\" class=\"portfolio-box-inner hover-effect-link\" style=\"background-color:none\">\n\n\t                            <div class=\"portfolio-content-wrapper hover-effect-content\">\n\n\t                                \t                                    <span class=\"portfolio-thumb hover-effect-thumb\" style=\"background-image: url(https:\/\/www.gcultural.cat\/wp-content\/uploads\/2021\/10\/Torre-Folch_GC_\u00a9Mariana-Castel_2-1024x907.jpg)\"><\/span>\n\t                                \n\t                                <h2 class=\"portfolio-title hover-effect-title\">Torre Folch<\/h2>\n\n\t                                <p class=\"portfolio-categories hover-effect-text\">Equipamientos Culturales<\/p>\n\n\t                            <\/div>\n\n\t                        <\/a>\n\n\t                    <\/div>\n\n\t                \n\t                    <div class=\"portfolio-box hidden   equipaments-culturals \">\n\n\t                        <a href=\"https:\/\/www.gcultural.cat\/es\/portfolio-item\/casa-de-cultura\/\" class=\"portfolio-box-inner hover-effect-link\" style=\"background-color:none\">\n\n\t                            <div class=\"portfolio-content-wrapper hover-effect-content\">\n\n\t                                \t                                    <span class=\"portfolio-thumb hover-effect-thumb\" style=\"background-image: url(https:\/\/www.gcultural.cat\/wp-content\/uploads\/2020\/09\/facana_CdC_05-low.jpg)\"><\/span>\n\t                                \n\t                                <h2 class=\"portfolio-title hover-effect-title\">Casa de Cultura<\/h2>\n\n\t                                <p class=\"portfolio-categories hover-effect-text\">Equipamientos Culturales<\/p>\n\n\t                            <\/div>\n\n\t                        <\/a>\n\n\t                    <\/div>\n\n\t                \n\t                    <div class=\"portfolio-box hidden   equipaments-culturals \">\n\n\t                        <a href=\"https:\/\/www.gcultural.cat\/es\/portfolio-item\/bocamoll\/\" class=\"portfolio-box-inner hover-effect-link\" style=\"background-color:none\">\n\n\t                            <div class=\"portfolio-content-wrapper hover-effect-content\">\n\n\t                                \t                                    <span class=\"portfolio-thumb hover-effect-thumb\" style=\"background-image: url(https:\/\/www.gcultural.cat\/wp-content\/uploads\/2020\/06\/bocamoll-6.jpg)\"><\/span>\n\t                                \n\t                                <h2 class=\"portfolio-title hover-effect-title\">Bocamoll, gastronomia y cultura<\/h2>\n\n\t                                <p class=\"portfolio-categories hover-effect-text\">Equipamientos Culturales<\/p>\n\n\t                            <\/div>\n\n\t                        <\/a>\n\n\t                    <\/div>\n\n\t                \n\t                    <div class=\"portfolio-box hidden   equipaments-culturals \">\n\n\t                        <a href=\"https:\/\/www.gcultural.cat\/es\/portfolio-item\/xalet-negre\/\" class=\"portfolio-box-inner hover-effect-link\" style=\"background-color:none\">\n\n\t                            <div class=\"portfolio-content-wrapper hover-effect-content\">\n\n\t                                \t                                    <span class=\"portfolio-thumb hover-effect-thumb\" style=\"background-image: url(https:\/\/www.gcultural.cat\/wp-content\/uploads\/2020\/06\/xn_edifici_entrada_des_de_lateralr770-433.jpg)\"><\/span>\n\t                                \n\t                                <h2 class=\"portfolio-title hover-effect-title\">Xalet Negre<\/h2>\n\n\t                                <p class=\"portfolio-categories hover-effect-text\">Equipamientos Culturales<\/p>\n\n\t                            <\/div>\n\n\t                        <\/a>\n\n\t                    <\/div>\n\n\t                \n\t                    <div class=\"portfolio-box hidden   equipaments-culturals \">\n\n\t                        <a href=\"https:\/\/www.gcultural.cat\/es\/portfolio-item\/teatre-de-mira-sol\/\" class=\"portfolio-box-inner hover-effect-link\" style=\"background-color:none\">\n\n\t                            <div class=\"portfolio-content-wrapper hover-effect-content\">\n\n\t                                \t                                    <span class=\"portfolio-thumb hover-effect-thumb\" style=\"background-image: url(https:\/\/www.gcultural.cat\/wp-content\/uploads\/2020\/06\/teatre-exterior-casa-1024x680.jpg)\"><\/span>\n\t                                \n\t                                <h2 class=\"portfolio-title hover-effect-title\">Teatro de Mira-sol<\/h2>\n\n\t                                <p class=\"portfolio-categories hover-effect-text\">Equipamientos Culturales<\/p>\n\n\t                            <\/div>\n\n\t                        <\/a>\n\n\t                    <\/div>\n\n\t                \n\t                    <div class=\"portfolio-box hidden   equipaments-culturals \">\n\n\t                        <a href=\"https:\/\/www.gcultural.cat\/es\/portfolio-item\/centre-dart-maristany\/\" class=\"portfolio-box-inner hover-effect-link\" style=\"background-color:none\">\n\n\t                            <div class=\"portfolio-content-wrapper hover-effect-content\">\n\n\t                                \t                                    <span class=\"portfolio-thumb hover-effect-thumb\" style=\"background-image: url(https:\/\/www.gcultural.cat\/wp-content\/uploads\/2020\/06\/cam_exterior_entrada_i_grafitir770-433.jpg)\"><\/span>\n\t                                \n\t                                <h2 class=\"portfolio-title hover-effect-title\">Centre d&#8217;Art Maristany<\/h2>\n\n\t                                <p class=\"portfolio-categories hover-effect-text\">Equipamientos Culturales<\/p>\n\n\t                            <\/div>\n\n\t                        <\/a>\n\n\t                    <\/div>\n\n\t                \n\t                    <div class=\"portfolio-box hidden   equipaments-culturals \">\n\n\t                        <a href=\"https:\/\/www.gcultural.cat\/es\/portfolio-item\/casa-aymat\/\" class=\"portfolio-box-inner hover-effect-link\" style=\"background-color:none\">\n\n\t                            <div class=\"portfolio-content-wrapper hover-effect-content\">\n\n\t                                \t                                    <span class=\"portfolio-thumb hover-effect-thumb\" style=\"background-image: url(https:\/\/www.gcultural.cat\/wp-content\/uploads\/2020\/06\/Aymat_espais__08.jpg)\"><\/span>\n\t                                \n\t                                <h2 class=\"portfolio-title hover-effect-title\">Casa Aymat<\/h2>\n\n\t                                <p class=\"portfolio-categories hover-effect-text\">Equipamientos Culturales<\/p>\n\n\t                            <\/div>\n\n\t                        <\/a>\n\n\t                    <\/div>\n\n\t                \n\t                    <div class=\"portfolio-box hidden   equipaments-culturals \">\n\n\t                        <a href=\"https:\/\/www.gcultural.cat\/es\/portfolio-item\/can-quiteria\/\" class=\"portfolio-box-inner hover-effect-link\" style=\"background-color:none\">\n\n\t                            <div class=\"portfolio-content-wrapper hover-effect-content\">\n\n\t                                \t                                    <span class=\"portfolio-thumb hover-effect-thumb\" style=\"background-image: url(https:\/\/www.gcultural.cat\/wp-content\/uploads\/2020\/06\/centre-grau-garriga-dart-textil-contemporani-sant-sugat-tempsarts-terrassa-1024x768.jpg)\"><\/span>\n\t                                \n\t                                <h2 class=\"portfolio-title hover-effect-title\">Can Quit\u00e8ria<\/h2>\n\n\t                                <p class=\"portfolio-categories hover-effect-text\">Equipamientos Culturales<\/p>\n\n\t                            <\/div>\n\n\t                        <\/a>\n\n\t                    <\/div>\n\n\t                \n\t                    <div class=\"portfolio-box hidden   equipaments-culturals \">\n\n\t                        <a href=\"https:\/\/www.gcultural.cat\/es\/portfolio-item\/casal-torreblanca\/\" class=\"portfolio-box-inner hover-effect-link\" style=\"background-color:none\">\n\n\t                            <div class=\"portfolio-content-wrapper hover-effect-content\">\n\n\t                                \t                                    <span class=\"portfolio-thumb hover-effect-thumb\" style=\"background-image: url(https:\/\/www.gcultural.cat\/wp-content\/uploads\/2020\/05\/centre1-1024x680.jpg)\"><\/span>\n\t                                \n\t                                <h2 class=\"portfolio-title hover-effect-title\">Casal Torreblanca<\/h2>\n\n\t                                <p class=\"portfolio-categories hover-effect-text\">Equipamientos Culturales<\/p>\n\n\t                            <\/div>\n\n\t                        <\/a>\n\n\t                    <\/div>\n\n\t                \n\t        <\/div><!--portfolio-isotope-->\n\n\t    <\/div><!--portfolio-isotope-container-->\n\n\t[\/vc_column][\/vc_row][vc_row][vc_column][vc_empty_space height=&#8221;70px&#8221;][\/vc_column][\/vc_row]<\/p>\n","protected":false},"excerpt":{"rendered":"<p>[vc_row][vc_column width=&#8221;1\/4&#8243;][\/vc_column][vc_column width=&#8221;1\/2&#8243;][vc_column_text] Experiencia en dinamizaci\u00f3n global de centros y equipamientos culturales, p\u00fablicos y privados_ [\/vc_column_text][\/vc_column][vc_column width=&#8221;1\/4&#8243;][\/vc_column][\/vc_row][vc_row][vc_column][vc_empty_space][\/vc_column][\/vc_row][vc_row equal_height=&#8221;yes&#8221; content_placement=&#8221;middle&#8221;][vc_column width=&#8221;5\/12&#8243; css=&#8221;.vc_custom_1583362377370{background-image: url(http:\/\/www.gcultural.cat\/wp-content\/uploads\/2020\/03\/GESTIO-EQUIPAMENTS-1.png?id=210) !important;background-position: center !important;background-repeat: no-repeat !important;background-size: contain !important;}&#8221; el_class=&#8221;lletra_fons&#8221;][\/vc_column][vc_column width=&#8221;7\/12&#8243;][vc_column_text] Gesti\u00f3n integral y explotaci\u00f3n econ\u00f3mica de centros y proyectos culturales Cesi\u00f3n de espacios Programas formativos para j\u00f3venes y adultos Dinamizaci\u00f3n de servicios para usuarios [&hellip;]<\/p>\n","protected":false},"author":1,"featured_media":0,"parent":2,"menu_order":0,"comment_status":"closed","ping_status":"closed","template":"page-full-width.php","meta":[],"_links":{"self":[{"href":"https:\/\/www.gcultural.cat\/es\/wp-json\/wp\/v2\/pages\/23"}],"collection":[{"href":"https:\/\/www.gcultural.cat\/es\/wp-json\/wp\/v2\/pages"}],"about":[{"href":"https:\/\/www.gcultural.cat\/es\/wp-json\/wp\/v2\/types\/page"}],"author":[{"embeddable":true,"href":"https:\/\/www.gcultural.cat\/es\/wp-json\/wp\/v2\/users\/1"}],"replies":[{"embeddable":true,"href":"https:\/\/www.gcultural.cat\/es\/wp-json\/wp\/v2\/comments?post=23"}],"version-history":[{"count":51,"href":"https:\/\/www.gcultural.cat\/es\/wp-json\/wp\/v2\/pages\/23\/revisions"}],"predecessor-version":[{"id":2004,"href":"https:\/\/www.gcultural.cat\/es\/wp-json\/wp\/v2\/pages\/23\/revisions\/2004"}],"up":[{"embeddable":true,"href":"https:\/\/www.gcultural.cat\/es\/wp-json\/wp\/v2\/pages\/2"}],"wp:attachment":[{"href":"https:\/\/www.gcultural.cat\/es\/wp-json\/wp\/v2\/media?parent=23"}],"curies":[{"name":"wp","href":"https:\/\/api.w.org\/{rel}","templated":true}]}}