{"id":25,"date":"2020-02-25T18:05:05","date_gmt":"2020-02-25T18:05:05","guid":{"rendered":"http:\/\/www.gcultural.cat\/?page_id=25"},"modified":"2021-01-18T19:31:02","modified_gmt":"2021-01-18T19:31:02","slug":"actes-esdeveniments","status":"publish","type":"page","link":"https:\/\/www.gcultural.cat\/es\/que-fem\/actes-esdeveniments\/","title":{"rendered":"Organizaci\u00f3n de Actos y Eventos"},"content":{"rendered":"<p>[vc_row][vc_column width=&#8221;1\/4&#8243;][\/vc_column][vc_column width=&#8221;1\/2&#8243;][vc_column_text]<\/p>\n<div class=\"page\" title=\"Page 5\">\n<div class=\"section\">\n<div class=\"layoutArea\">\n<div class=\"column\">\n<p style=\"text-align: center;\"><em><span style=\"font-family: GothamMedium; font-size: 28px;\">Servicio integral en la organizaci\u00f3n de eventos, desde la infraestructura y la adecuaci\u00f3n del espacio, hasta los aspectos creativos y de producci\u00f3n_<\/span><\/em><\/p>\n<\/div>\n<\/div>\n<\/div>\n<\/div>\n<p>[\/vc_column_text][\/vc_column][vc_column width=&#8221;1\/4&#8243;][\/vc_column][\/vc_row][vc_row][vc_column][vc_empty_space][\/vc_column][\/vc_row][vc_row equal_height=&#8221;yes&#8221; content_placement=&#8221;middle&#8221;][vc_column width=&#8221;5\/12&#8243; css=&#8221;.vc_custom_1588334148564{background-image: url(http:\/\/www.gcultural.cat\/wp-content\/uploads\/2020\/05\/ORGANITZACIO-ACTES-1.png?id=696) !important;background-position: center !important;background-repeat: no-repeat !important;background-size: contain !important;}&#8221; el_class=&#8221;lletra_fons&#8221;][\/vc_column][vc_column width=&#8221;7\/12&#8243;][vc_column_text]<\/p>\n<ul>\n<li style=\"font-weight: 400;\"><span style=\"font-weight: 400; font-family: GothamLight; font-size: 28px;\">Creaci\u00f3n de programaci\u00f3n cultural: m\u00fasica, teatro y artes visuales para p\u00fablico adulto y familiar<\/span><\/li>\n<li style=\"font-weight: 400;\"><span style=\"font-weight: 400; font-family: GothamLight; font-size: 28px;\">Coordinaci\u00f3n global y producci\u00f3n t\u00e9cnica de proyectos culturales<\/span><\/li>\n<li style=\"font-weight: 400;\"><span style=\"font-weight: 400; font-family: GothamLight; font-size: 28px;\">Contrataci\u00f3n y aportaci\u00f3n de personal: regidur\u00eda, monitoraje, personal de sala, personal t\u00e9cnico y de montaje<\/span><\/li>\n<li style=\"font-weight: 400;\"><span style=\"font-weight: 400; font-family: GothamLight; font-size: 28px;\">Soluciones t\u00e9cnicas<\/span><\/li>\n<li style=\"font-weight: 400;\"><span style=\"font-weight: 400; font-family: GothamLight; font-size: 28px;\">Gesti\u00f3n econ\u00f3mica y financiaci\u00f3n<\/span><\/li>\n<li style=\"font-weight: 400;\"><span style=\"font-weight: 400; font-family: GothamLight; font-size: 28px;\">Plan de comunicaci\u00f3n vinculado y dise\u00f1o gr\u00e1fico<\/span><\/li>\n<li style=\"font-weight: 400;\"><span style=\"font-weight: 400; font-family: GothamLight; font-size: 28px;\">Alquiler de material t\u00e9cnico e infraestructuras<\/span><\/li>\n<\/ul>\n<p>[\/vc_column_text][\/vc_column][\/vc_row][vc_row][vc_column el_class=&#8221;guio_fons&#8221; css=&#8221;.vc_custom_1588334160690{background-image: url(http:\/\/www.gcultural.cat\/wp-content\/uploads\/2020\/05\/ORGANITZACIO-ACTES-2.png?id=697) !important;background-position: center !important;background-repeat: no-repeat !important;background-size: contain !important;}&#8221;][\/vc_column][\/vc_row][vc_row][vc_column][vc_empty_space height=&#8221;70px&#8221;][\/vc_column][\/vc_row][vc_row][vc_column][vc_custom_heading text=&#8221;PROYECTOS&#8221; font_container=&#8221;tag:h3|font_size:36px|text_align:center&#8221; use_theme_fonts=&#8221;yes&#8221; el_class=&#8221;gcultural_projectes_groc&#8221; link=&#8221;url:http%3A%2F%2Fwww.gcultural.cat%2Fes%2Fprojectes%2F|title:INSTALACI%C3%93N%20ESPAI%20VILAB||&#8221;][\/vc_column][\/vc_row][vc_row][vc_column][vc_empty_space height=&#8221;70px&#8221;][\/vc_column][\/vc_row][vc_row type=&#8221;boxed&#8221;][vc_column]\n    \n\t\t<div class=\"portfolio-isotope-container default_grid items_per_row_4\">\n\n\t        \n\t        <div class=\"portfolio-isotope\">\n\n\t            <div class=\"portfolio-grid-sizer\"><\/div>\n\n\t                \n\t                    <div class=\"portfolio-box hidden   actes-esdeveniments \">\n\n\t                        <a href=\"https:\/\/www.gcultural.cat\/es\/portfolio-item\/dia-internacional-de-la-musica\/\" class=\"portfolio-box-inner hover-effect-link\" style=\"background-color:none\">\n\n\t                            <div class=\"portfolio-content-wrapper hover-effect-content\">\n\n\t                                \n\t                                <h2 class=\"portfolio-title hover-effect-title\">Dia Internacional de la M\u00fasica<\/h2>\n\n\t                                <p class=\"portfolio-categories hover-effect-text\">Actos Eventos<\/p>\n\n\t                            <\/div>\n\n\t                        <\/a>\n\n\t                    <\/div>\n\n\t                \n\t                    <div class=\"portfolio-box hidden   actes-esdeveniments \">\n\n\t                        <a href=\"https:\/\/www.gcultural.cat\/es\/portfolio-item\/festa-fem-barri\/\" class=\"portfolio-box-inner hover-effect-link\" style=\"background-color:none\">\n\n\t                            <div class=\"portfolio-content-wrapper hover-effect-content\">\n\n\t                                \n\t                                <h2 class=\"portfolio-title hover-effect-title\">Festa Fem Barri<\/h2>\n\n\t                                <p class=\"portfolio-categories hover-effect-text\">Actos Eventos<\/p>\n\n\t                            <\/div>\n\n\t                        <\/a>\n\n\t                    <\/div>\n\n\t                \n\t                    <div class=\"portfolio-box hidden   actes-esdeveniments \">\n\n\t                        <a href=\"https:\/\/www.gcultural.cat\/es\/portfolio-item\/festival-vincles\/\" class=\"portfolio-box-inner hover-effect-link\" style=\"background-color:none\">\n\n\t                            <div class=\"portfolio-content-wrapper hover-effect-content\">\n\n\t                                \t                                    <span class=\"portfolio-thumb hover-effect-thumb\" style=\"background-image: url(https:\/\/www.gcultural.cat\/wp-content\/uploads\/2020\/05\/SOILLUM4-1024x498.jpg)\"><\/span>\n\t                                \n\t                                <h2 class=\"portfolio-title hover-effect-title\">Festival Vincles<\/h2>\n\n\t                                <p class=\"portfolio-categories hover-effect-text\">Actos Eventos<\/p>\n\n\t                            <\/div>\n\n\t                        <\/a>\n\n\t                    <\/div>\n\n\t                \n\t                    <div class=\"portfolio-box hidden   actes-esdeveniments \">\n\n\t                        <a href=\"https:\/\/www.gcultural.cat\/es\/portfolio-item\/nit-de-lart\/\" class=\"portfolio-box-inner hover-effect-link\" style=\"background-color:none\">\n\n\t                            <div class=\"portfolio-content-wrapper hover-effect-content\">\n\n\t                                \t                                    <span class=\"portfolio-thumb hover-effect-thumb\" style=\"background-image: url(https:\/\/www.gcultural.cat\/wp-content\/uploads\/2020\/06\/nit-art-1.jpg)\"><\/span>\n\t                                \n\t                                <h2 class=\"portfolio-title hover-effect-title\">La Noche del Arte<\/h2>\n\n\t                                <p class=\"portfolio-categories hover-effect-text\">Actos Eventos<\/p>\n\n\t                            <\/div>\n\n\t                        <\/a>\n\n\t                    <\/div>\n\n\t                \n\t                    <div class=\"portfolio-box hidden   actes-esdeveniments \">\n\n\t                        <a href=\"https:\/\/www.gcultural.cat\/es\/portfolio-item\/picnic-musical\/\" class=\"portfolio-box-inner hover-effect-link\" style=\"background-color:none\">\n\n\t                            <div class=\"portfolio-content-wrapper hover-effect-content\">\n\n\t                                \t                                    <span class=\"portfolio-thumb hover-effect-thumb\" style=\"background-image: url(https:\/\/www.gcultural.cat\/wp-content\/uploads\/2020\/06\/Picnic-Musica-1_low.jpg)\"><\/span>\n\t                                \n\t                                <h2 class=\"portfolio-title hover-effect-title\">P\u00edcnic musical<\/h2>\n\n\t                                <p class=\"portfolio-categories hover-effect-text\">Actos Eventos<\/p>\n\n\t                            <\/div>\n\n\t                        <\/a>\n\n\t                    <\/div>\n\n\t                \n\t                    <div class=\"portfolio-box hidden   actes-esdeveniments \">\n\n\t                        <a href=\"https:\/\/www.gcultural.cat\/es\/portfolio-item\/ve-de-gust\/\" class=\"portfolio-box-inner hover-effect-link\" style=\"background-color:none\">\n\n\t                            <div class=\"portfolio-content-wrapper hover-effect-content\">\n\n\t                                \t                                    <span class=\"portfolio-thumb hover-effect-thumb\" style=\"background-image: url(https:\/\/www.gcultural.cat\/wp-content\/uploads\/2020\/06\/Ve-de-gust13_low.jpg)\"><\/span>\n\t                                \n\t                                <h2 class=\"portfolio-title hover-effect-title\">Ve de gust<\/h2>\n\n\t                                <p class=\"portfolio-categories hover-effect-text\">Actos Eventos<\/p>\n\n\t                            <\/div>\n\n\t                        <\/a>\n\n\t                    <\/div>\n\n\t                \n\t                    <div class=\"portfolio-box hidden   actes-esdeveniments \">\n\n\t                        <a href=\"https:\/\/www.gcultural.cat\/es\/portfolio-item\/festa-major-de-sant-cugat-2\/\" class=\"portfolio-box-inner hover-effect-link\" style=\"background-color:none\">\n\n\t                            <div class=\"portfolio-content-wrapper hover-effect-content\">\n\n\t                                \t                                    <span class=\"portfolio-thumb hover-effect-thumb\" style=\"background-image: url(https:\/\/www.gcultural.cat\/wp-content\/uploads\/2020\/03\/19.jpg)\"><\/span>\n\t                                \n\t                                <h2 class=\"portfolio-title hover-effect-title\">Fiesta Mayor de Sant Cugat<\/h2>\n\n\t                                <p class=\"portfolio-categories hover-effect-text\">Actos Eventos<\/p>\n\n\t                            <\/div>\n\n\t                        <\/a>\n\n\t                    <\/div>\n\n\t                \n\t                    <div class=\"portfolio-box hidden   actes-esdeveniments \">\n\n\t                        <a href=\"https:\/\/www.gcultural.cat\/es\/portfolio-item\/festa-major-de-sant-cugat\/\" class=\"portfolio-box-inner hover-effect-link\" style=\"background-color:none\">\n\n\t                            <div class=\"portfolio-content-wrapper hover-effect-content\">\n\n\t                                \t                                    <span class=\"portfolio-thumb hover-effect-thumb\" style=\"background-image: url(https:\/\/www.gcultural.cat\/wp-content\/uploads\/2020\/03\/actes6-1024x768.jpg)\"><\/span>\n\t                                \n\t                                <h2 class=\"portfolio-title hover-effect-title\">Parque de Navidad<\/h2>\n\n\t                                <p class=\"portfolio-categories hover-effect-text\">Actos Eventos<\/p>\n\n\t                            <\/div>\n\n\t                        <\/a>\n\n\t                    <\/div>\n\n\t                \n\t                    <div class=\"portfolio-box hidden   actes-esdeveniments \">\n\n\t                        <a href=\"https:\/\/www.gcultural.cat\/es\/portfolio-item\/ambaixadors-reials\/\" class=\"portfolio-box-inner hover-effect-link\" style=\"background-color:none\">\n\n\t                            <div class=\"portfolio-content-wrapper hover-effect-content\">\n\n\t                                \t                                    <span class=\"portfolio-thumb hover-effect-thumb\" style=\"background-image: url(https:\/\/www.gcultural.cat\/wp-content\/uploads\/2020\/06\/ambaixadors-1.jpg)\"><\/span>\n\t                                \n\t                                <h2 class=\"portfolio-title hover-effect-title\">Paje Real<\/h2>\n\n\t                                <p class=\"portfolio-categories hover-effect-text\">Actos Eventos<\/p>\n\n\t                            <\/div>\n\n\t                        <\/a>\n\n\t                    <\/div>\n\n\t                \n\t                    <div class=\"portfolio-box hidden   actes-esdeveniments \">\n\n\t                        <a href=\"https:\/\/www.gcultural.cat\/es\/portfolio-item\/cavalcada-de-reis\/\" class=\"portfolio-box-inner hover-effect-link\" style=\"background-color:none\">\n\n\t                            <div class=\"portfolio-content-wrapper hover-effect-content\">\n\n\t                                \t                                    <span class=\"portfolio-thumb hover-effect-thumb\" style=\"background-image: url(https:\/\/www.gcultural.cat\/wp-content\/uploads\/2020\/06\/\u00a9marcquevy-cavalcada-41_low.jpg)\"><\/span>\n\t                                \n\t                                <h2 class=\"portfolio-title hover-effect-title\">Cabalgata de Reyes<\/h2>\n\n\t                                <p class=\"portfolio-categories hover-effect-text\">Actos Eventos<\/p>\n\n\t                            <\/div>\n\n\t                        <\/a>\n\n\t                    <\/div>\n\n\t                \n\t                    <div class=\"portfolio-box hidden   actes-esdeveniments \">\n\n\t                        <a href=\"https:\/\/www.gcultural.cat\/es\/portfolio-item\/enllumenat-de-nadal\/\" class=\"portfolio-box-inner hover-effect-link\" style=\"background-color:none\">\n\n\t                            <div class=\"portfolio-content-wrapper hover-effect-content\">\n\n\t                                \t                                    <span class=\"portfolio-thumb hover-effect-thumb\" style=\"background-image: url(https:\/\/www.gcultural.cat\/wp-content\/uploads\/2020\/06\/Encesa-Llums-Stc3_low.jpg)\"><\/span>\n\t                                \n\t                                <h2 class=\"portfolio-title hover-effect-title\">Luces de Navidad<\/h2>\n\n\t                                <p class=\"portfolio-categories hover-effect-text\">Actos Eventos<\/p>\n\n\t                            <\/div>\n\n\t                        <\/a>\n\n\t                    <\/div>\n\n\t                \n\t                    <div class=\"portfolio-box hidden   actes-esdeveniments \">\n\n\t                        <a href=\"https:\/\/www.gcultural.cat\/es\/portfolio-item\/fira-de-la-gent-gran\/\" class=\"portfolio-box-inner hover-effect-link\" style=\"background-color:none\">\n\n\t                            <div class=\"portfolio-content-wrapper hover-effect-content\">\n\n\t                                \t                                    <span class=\"portfolio-thumb hover-effect-thumb\" style=\"background-image: url(https:\/\/www.gcultural.cat\/wp-content\/uploads\/2020\/06\/fira-gent-gran-3_low-1.jpg)\"><\/span>\n\t                                \n\t                                <h2 class=\"portfolio-title hover-effect-title\">Feria de los mayores<\/h2>\n\n\t                                <p class=\"portfolio-categories hover-effect-text\">Actos Eventos<\/p>\n\n\t                            <\/div>\n\n\t                        <\/a>\n\n\t                    <\/div>\n\n\t                \n\t                    <div class=\"portfolio-box hidden   actes-esdeveniments \">\n\n\t                        <a href=\"https:\/\/www.gcultural.cat\/es\/portfolio-item\/festival-de-musica-de-cambra\/\" class=\"portfolio-box-inner hover-effect-link\" style=\"background-color:none\">\n\n\t                            <div class=\"portfolio-content-wrapper hover-effect-content\">\n\n\t                                \t                                    <span class=\"portfolio-thumb hover-effect-thumb\" style=\"background-image: url(https:\/\/www.gcultural.cat\/wp-content\/uploads\/2020\/06\/Nits-Claustre2.jpg)\"><\/span>\n\t                                \n\t                                <h2 class=\"portfolio-title hover-effect-title\">Festival de m\u00fasica de cambra<\/h2>\n\n\t                                <p class=\"portfolio-categories hover-effect-text\">Actos Eventos<\/p>\n\n\t                            <\/div>\n\n\t                        <\/a>\n\n\t                    <\/div>\n\n\t                \n\t                    <div class=\"portfolio-box hidden   actes-esdeveniments \">\n\n\t                        <a href=\"https:\/\/www.gcultural.cat\/es\/portfolio-item\/festa-del-50-anys-cavall-fort\/\" class=\"portfolio-box-inner hover-effect-link\" style=\"background-color:none\">\n\n\t                            <div class=\"portfolio-content-wrapper hover-effect-content\">\n\n\t                                \t                                    <span class=\"portfolio-thumb hover-effect-thumb\" style=\"background-image: url(https:\/\/www.gcultural.cat\/wp-content\/uploads\/2020\/06\/cavall-fort1-1.jpg)\"><\/span>\n\t                                \n\t                                <h2 class=\"portfolio-title hover-effect-title\">Fiesta de los 50 a\u00f1os de Cavall Fort<\/h2>\n\n\t                                <p class=\"portfolio-categories hover-effect-text\">Actos Eventos<\/p>\n\n\t                            <\/div>\n\n\t                        <\/a>\n\n\t                    <\/div>\n\n\t                \n\t        <\/div><!--portfolio-isotope-->\n\n\t    <\/div><!--portfolio-isotope-container-->\n\n\t[\/vc_column][\/vc_row][vc_row][vc_column][vc_empty_space height=&#8221;70px&#8221;][\/vc_column][\/vc_row]<\/p>\n","protected":false},"excerpt":{"rendered":"<p>[vc_row][vc_column width=&#8221;1\/4&#8243;][\/vc_column][vc_column width=&#8221;1\/2&#8243;][vc_column_text] Servicio integral en la organizaci\u00f3n de eventos, desde la infraestructura y la adecuaci\u00f3n del espacio, hasta los aspectos creativos y de producci\u00f3n_ [\/vc_column_text][\/vc_column][vc_column width=&#8221;1\/4&#8243;][\/vc_column][\/vc_row][vc_row][vc_column][vc_empty_space][\/vc_column][\/vc_row][vc_row equal_height=&#8221;yes&#8221; content_placement=&#8221;middle&#8221;][vc_column width=&#8221;5\/12&#8243; css=&#8221;.vc_custom_1588334148564{background-image: url(http:\/\/www.gcultural.cat\/wp-content\/uploads\/2020\/05\/ORGANITZACIO-ACTES-1.png?id=696) !important;background-position: center !important;background-repeat: no-repeat !important;background-size: contain !important;}&#8221; el_class=&#8221;lletra_fons&#8221;][\/vc_column][vc_column width=&#8221;7\/12&#8243;][vc_column_text] Creaci\u00f3n de programaci\u00f3n cultural: m\u00fasica, teatro y artes visuales para p\u00fablico adulto y familiar [&hellip;]<\/p>\n","protected":false},"author":1,"featured_media":0,"parent":2,"menu_order":0,"comment_status":"closed","ping_status":"closed","template":"page-full-width.php","meta":[],"_links":{"self":[{"href":"https:\/\/www.gcultural.cat\/es\/wp-json\/wp\/v2\/pages\/25"}],"collection":[{"href":"https:\/\/www.gcultural.cat\/es\/wp-json\/wp\/v2\/pages"}],"about":[{"href":"https:\/\/www.gcultural.cat\/es\/wp-json\/wp\/v2\/types\/page"}],"author":[{"embeddable":true,"href":"https:\/\/www.gcultural.cat\/es\/wp-json\/wp\/v2\/users\/1"}],"replies":[{"embeddable":true,"href":"https:\/\/www.gcultural.cat\/es\/wp-json\/wp\/v2\/comments?post=25"}],"version-history":[{"count":48,"href":"https:\/\/www.gcultural.cat\/es\/wp-json\/wp\/v2\/pages\/25\/revisions"}],"predecessor-version":[{"id":2001,"href":"https:\/\/www.gcultural.cat\/es\/wp-json\/wp\/v2\/pages\/25\/revisions\/2001"}],"up":[{"embeddable":true,"href":"https:\/\/www.gcultural.cat\/es\/wp-json\/wp\/v2\/pages\/2"}],"wp:attachment":[{"href":"https:\/\/www.gcultural.cat\/es\/wp-json\/wp\/v2\/media?parent=25"}],"curies":[{"name":"wp","href":"https:\/\/api.w.org\/{rel}","templated":true}]}}