{"id":28,"date":"2020-02-25T18:05:23","date_gmt":"2020-02-25T18:05:23","guid":{"rendered":"http:\/\/www.gcultural.cat\/?page_id=28"},"modified":"2021-01-18T19:31:28","modified_gmt":"2021-01-18T19:31:28","slug":"so-llum","status":"publish","type":"page","link":"https:\/\/www.gcultural.cat\/es\/que-fem\/so-llum\/","title":{"rendered":"Sonido y Luz"},"content":{"rendered":"<p>[vc_row][vc_column width=&#8221;1\/4&#8243;][\/vc_column][vc_column width=&#8221;1\/2&#8243;][vc_column_text]<\/p>\n<div class=\"page\" title=\"Page 5\">\n<div class=\"section\">\n<div class=\"layoutArea\">\n<div class=\"column\">\n<p style=\"text-align: center;\"><em><span style=\"font-family: GothamMedium; font-size: 28px;\">Material t\u00e9cnico para cualquier tipo de espect\u00e1culo, concierto o evento_<\/span><\/em><\/p>\n<\/div>\n<\/div>\n<\/div>\n<\/div>\n<p>[\/vc_column_text][\/vc_column][vc_column width=&#8221;1\/4&#8243;][\/vc_column][\/vc_row][vc_row][vc_column][vc_empty_space][\/vc_column][\/vc_row][vc_row equal_height=&#8221;yes&#8221; content_placement=&#8221;middle&#8221;][vc_column width=&#8221;5\/12&#8243; css=&#8221;.vc_custom_1583783081981{background-image: url(http:\/\/www.gcultural.cat\/wp-content\/uploads\/2020\/03\/SO-LLUM-1.png?id=348) !important;background-position: center !important;background-repeat: no-repeat !important;background-size: contain !important;}&#8221; el_class=&#8221;lletra_fons&#8221;][\/vc_column][vc_column width=&#8221;7\/12&#8243;][vc_column_text]<\/p>\n<ul>\n<li style=\"font-weight: 400;\"><span style=\"font-weight: 400; font-family: GothamLight; font-size: 28px;\">Asesoramiento y producci\u00f3n t\u00e9cnica<\/span><\/li>\n<li style=\"font-weight: 400;\"><span style=\"font-weight: 400; font-family: GothamLight; font-size: 28px;\">Sonorizaci\u00f3n, Iluminaci\u00f3n y audiovisuales<\/span><\/li>\n<li style=\"font-weight: 400;\"><span style=\"font-weight: 400; font-family: GothamLight; font-size: 28px;\">Gesti\u00f3n t\u00e9cnica de teatros y equipamientos culturales<\/span><\/li>\n<li style=\"font-weight: 400;\"><span style=\"font-weight: 400; font-family: GothamLight; font-size: 28px;\">Reparaci\u00f3n, venta e instalaci\u00f3n de equipos t\u00e9cnicos<\/span><\/li>\n<li style=\"font-weight: 400;\"><span style=\"font-weight: 400; font-family: GothamLight; font-size: 28px;\">Alquiler de material t\u00e9cnico de sonido e iluminaci\u00f3n<\/span><\/li>\n<li><span style=\"font-family: GothamLight; font-size: 28px;\">Servicio y gesti\u00f3n de streaming, realizaci\u00f3n online y equipamiento t\u00e9nico y audiovisual<\/span><\/li>\n<\/ul>\n<p><a href=\"\/wp-content\/uploads\/2020\/05\/SOLLUM_.pdf\" target=\"_blank\" rel=\"noopener noreferrer\"><span style=\"font-family: GothamLight; font-size: 28px;\">Descarga aqu\u00ed el dossier SONIDOLUZ<\/span><\/a>[\/vc_column_text][\/vc_column][\/vc_row][vc_row][vc_column el_class=&#8221;guio_fons&#8221; css=&#8221;.vc_custom_1583783093198{background-image: url(http:\/\/www.gcultural.cat\/wp-content\/uploads\/2020\/03\/SO-LLUM-2.png?id=349) !important;background-position: center !important;background-repeat: no-repeat !important;background-size: contain !important;}&#8221;][\/vc_column][\/vc_row][vc_row][vc_column][vc_empty_space height=&#8221;70px&#8221;][\/vc_column][\/vc_row][vc_row][vc_column][vc_custom_heading text=&#8221;PROYECTOS&#8221; font_container=&#8221;tag:h3|font_size:36px|text_align:center&#8221; use_theme_fonts=&#8221;yes&#8221; el_class=&#8221;gcultural_projectes_groc&#8221; link=&#8221;url:http%3A%2F%2Fwww.gcultural.cat%2Fes%2Fprojectes%2F|title:Proyectos||&#8221;][\/vc_column][\/vc_row][vc_row][vc_column][vc_empty_space height=&#8221;70px&#8221;][\/vc_column][\/vc_row][vc_row type=&#8221;boxed&#8221;][vc_column]\n    \n\t\t<div class=\"portfolio-isotope-container default_grid items_per_row_4\">\n\n\t        \n\t        <div class=\"portfolio-isotope\">\n\n\t            <div class=\"portfolio-grid-sizer\"><\/div>\n\n\t                \n\t                    <div class=\"portfolio-box hidden   so-llum \">\n\n\t                        <a href=\"https:\/\/www.gcultural.cat\/es\/portfolio-item\/esdeveniments-coorporatius-congresos-i-actes-privats\/\" class=\"portfolio-box-inner hover-effect-link\" style=\"background-color:none\">\n\n\t                            <div class=\"portfolio-content-wrapper hover-effect-content\">\n\n\t                                \t                                    <span class=\"portfolio-thumb hover-effect-thumb\" style=\"background-image: url(https:\/\/www.gcultural.cat\/wp-content\/uploads\/2021\/04\/JBA07396-1024x683.jpg)\"><\/span>\n\t                                \n\t                                <h2 class=\"portfolio-title hover-effect-title\">Esdeveniments coorporatius, congresos i actes privats<\/h2>\n\n\t                                <p class=\"portfolio-categories hover-effect-text\">Sonido Luz<\/p>\n\n\t                            <\/div>\n\n\t                        <\/a>\n\n\t                    <\/div>\n\n\t                \n\t                    <div class=\"portfolio-box hidden   so-llum \">\n\n\t                        <a href=\"https:\/\/www.gcultural.cat\/es\/portfolio-item\/audiovisuals-2\/\" class=\"portfolio-box-inner hover-effect-link\" style=\"background-color:none\">\n\n\t                            <div class=\"portfolio-content-wrapper hover-effect-content\">\n\n\t                                \t                                    <span class=\"portfolio-thumb hover-effect-thumb\" style=\"background-image: url(https:\/\/www.gcultural.cat\/wp-content\/uploads\/2021\/04\/Museu-maritim-1-1024x498.jpeg)\"><\/span>\n\t                                \n\t                                <h2 class=\"portfolio-title hover-effect-title\">Audiovisuals<\/h2>\n\n\t                                <p class=\"portfolio-categories hover-effect-text\">Sonido Luz<\/p>\n\n\t                            <\/div>\n\n\t                        <\/a>\n\n\t                    <\/div>\n\n\t                \n\t                    <div class=\"portfolio-box hidden   so-llum \">\n\n\t                        <a href=\"https:\/\/www.gcultural.cat\/es\/portfolio-item\/streaming\/\" class=\"portfolio-box-inner hover-effect-link\" style=\"background-color:none\">\n\n\t                            <div class=\"portfolio-content-wrapper hover-effect-content\">\n\n\t                                \t                                    <span class=\"portfolio-thumb hover-effect-thumb\" style=\"background-image: url(https:\/\/www.gcultural.cat\/wp-content\/uploads\/2021\/04\/padcelona-1-1024x768.jpg)\"><\/span>\n\t                                \n\t                                <h2 class=\"portfolio-title hover-effect-title\">Streaming<\/h2>\n\n\t                                <p class=\"portfolio-categories hover-effect-text\">Sonido Luz<\/p>\n\n\t                            <\/div>\n\n\t                        <\/a>\n\n\t                    <\/div>\n\n\t                \n\t                    <div class=\"portfolio-box hidden   so-llum \">\n\n\t                        <a href=\"https:\/\/www.gcultural.cat\/es\/portfolio-item\/llum\/\" class=\"portfolio-box-inner hover-effect-link\" style=\"background-color:none\">\n\n\t                            <div class=\"portfolio-content-wrapper hover-effect-content\">\n\n\t                                \t                                    <span class=\"portfolio-thumb hover-effect-thumb\" style=\"background-image: url(https:\/\/www.gcultural.cat\/wp-content\/uploads\/2021\/04\/PHOTO-2020-10-14-13-51-05.jpg)\"><\/span>\n\t                                \n\t                                <h2 class=\"portfolio-title hover-effect-title\">Luz<\/h2>\n\n\t                                <p class=\"portfolio-categories hover-effect-text\">Sonido Luz<\/p>\n\n\t                            <\/div>\n\n\t                        <\/a>\n\n\t                    <\/div>\n\n\t                \n\t                    <div class=\"portfolio-box hidden   so-llum \">\n\n\t                        <a href=\"https:\/\/www.gcultural.cat\/es\/portfolio-item\/so\/\" class=\"portfolio-box-inner hover-effect-link\" style=\"background-color:none\">\n\n\t                            <div class=\"portfolio-content-wrapper hover-effect-content\">\n\n\t                                \t                                    <span class=\"portfolio-thumb hover-effect-thumb\" style=\"background-image: url(https:\/\/www.gcultural.cat\/wp-content\/uploads\/2021\/04\/vincles-3-1024x498.jpeg)\"><\/span>\n\t                                \n\t                                <h2 class=\"portfolio-title hover-effect-title\">Sonido<\/h2>\n\n\t                                <p class=\"portfolio-categories hover-effect-text\">Sonido Luz<\/p>\n\n\t                            <\/div>\n\n\t                        <\/a>\n\n\t                    <\/div>\n\n\t                \n\t        <\/div><!--portfolio-isotope-->\n\n\t    <\/div><!--portfolio-isotope-container-->\n\n\t[\/vc_column][\/vc_row][vc_row][vc_column][vc_empty_space height=&#8221;70px&#8221;][\/vc_column][\/vc_row]<\/p>\n","protected":false},"excerpt":{"rendered":"<p>[vc_row][vc_column width=&#8221;1\/4&#8243;][\/vc_column][vc_column width=&#8221;1\/2&#8243;][vc_column_text] Material t\u00e9cnico para cualquier tipo de espect\u00e1culo, concierto o evento_ [\/vc_column_text][\/vc_column][vc_column width=&#8221;1\/4&#8243;][\/vc_column][\/vc_row][vc_row][vc_column][vc_empty_space][\/vc_column][\/vc_row][vc_row equal_height=&#8221;yes&#8221; content_placement=&#8221;middle&#8221;][vc_column width=&#8221;5\/12&#8243; css=&#8221;.vc_custom_1583783081981{background-image: url(http:\/\/www.gcultural.cat\/wp-content\/uploads\/2020\/03\/SO-LLUM-1.png?id=348) !important;background-position: center !important;background-repeat: no-repeat !important;background-size: contain !important;}&#8221; el_class=&#8221;lletra_fons&#8221;][\/vc_column][vc_column width=&#8221;7\/12&#8243;][vc_column_text] Asesoramiento y producci\u00f3n t\u00e9cnica Sonorizaci\u00f3n, Iluminaci\u00f3n y audiovisuales Gesti\u00f3n t\u00e9cnica de teatros y equipamientos culturales Reparaci\u00f3n, venta e instalaci\u00f3n de equipos t\u00e9cnicos Alquiler de material t\u00e9cnico [&hellip;]<\/p>\n","protected":false},"author":1,"featured_media":0,"parent":2,"menu_order":0,"comment_status":"closed","ping_status":"closed","template":"page-full-width.php","meta":[],"_links":{"self":[{"href":"https:\/\/www.gcultural.cat\/es\/wp-json\/wp\/v2\/pages\/28"}],"collection":[{"href":"https:\/\/www.gcultural.cat\/es\/wp-json\/wp\/v2\/pages"}],"about":[{"href":"https:\/\/www.gcultural.cat\/es\/wp-json\/wp\/v2\/types\/page"}],"author":[{"embeddable":true,"href":"https:\/\/www.gcultural.cat\/es\/wp-json\/wp\/v2\/users\/1"}],"replies":[{"embeddable":true,"href":"https:\/\/www.gcultural.cat\/es\/wp-json\/wp\/v2\/comments?post=28"}],"version-history":[{"count":28,"href":"https:\/\/www.gcultural.cat\/es\/wp-json\/wp\/v2\/pages\/28\/revisions"}],"predecessor-version":[{"id":2002,"href":"https:\/\/www.gcultural.cat\/es\/wp-json\/wp\/v2\/pages\/28\/revisions\/2002"}],"up":[{"embeddable":true,"href":"https:\/\/www.gcultural.cat\/es\/wp-json\/wp\/v2\/pages\/2"}],"wp:attachment":[{"href":"https:\/\/www.gcultural.cat\/es\/wp-json\/wp\/v2\/media?parent=28"}],"curies":[{"name":"wp","href":"https:\/\/api.w.org\/{rel}","templated":true}]}}