{"id":32,"date":"2020-02-25T18:06:42","date_gmt":"2020-02-25T18:06:42","guid":{"rendered":"http:\/\/www.gcultural.cat\/?page_id=32"},"modified":"2021-02-04T19:20:53","modified_gmt":"2021-02-04T19:20:53","slug":"comunicacio-i-disseny","status":"publish","type":"page","link":"https:\/\/www.gcultural.cat\/es\/que-fem\/comunicacio-i-disseny\/","title":{"rendered":"Comunicaci\u00f3n y Dise\u00f1o"},"content":{"rendered":"<p>[vc_row][vc_column width=&#8221;1\/4&#8243;][\/vc_column][vc_column width=&#8221;1\/2&#8243;][vc_column_text]<\/p>\n<p style=\"text-align: center;\"><em><span style=\"font-family: GothamMedium; font-size: 28px;\"><span style=\"font-weight: 400;\">Servicio integral en el \u00e1mbito de la comunicaci\u00f3n<\/span><span style=\"font-weight: 400;\">. Servicios multidisciplinares con el objetivo de mejorar la comunicaci\u00f3n empresarial y cultural.<\/span><\/span><\/em><\/p>\n<p style=\"text-align: center;\"><em><span style=\"font-weight: 400; font-family: GothamMedium; font-size: 28px;\">Elaboraci\u00f3n de estrategias globales_<\/span><\/em><\/p>\n<p>[\/vc_column_text][\/vc_column][vc_column width=&#8221;1\/4&#8243;][\/vc_column][\/vc_row][vc_row][vc_column][vc_empty_space][\/vc_column][\/vc_row][vc_row equal_height=&#8221;yes&#8221; content_placement=&#8221;middle&#8221;][vc_column width=&#8221;5\/12&#8243; css=&#8221;.vc_custom_1589015233432{background-image: url(http:\/\/www.gcultural.cat\/wp-content\/uploads\/2020\/05\/COMUNICACIO\u0301-1-1.png?id=752) !important;background-position: center !important;background-repeat: no-repeat !important;background-size: contain !important;}&#8221; el_class=&#8221;lletra_fons&#8221;][\/vc_column][vc_column width=&#8221;7\/12&#8243;][vc_column_text]<\/p>\n<ul>\n<li style=\"font-weight: 400;\"><span style=\"font-weight: 400; font-family: GothamLight; font-size: 28px;\">Diagn\u00f3stico de planes de comunicaci\u00f3n<\/span><\/li>\n<li style=\"font-weight: 400;\"><span style=\"font-weight: 400; font-family: GothamLight; font-size: 28px;\">Conciliaci\u00f3n de estrategias online y offline<\/span><\/li>\n<li style=\"font-weight: 400;\"><span style=\"font-weight: 400; font-family: GothamLight; font-size: 28px;\">Especialistas en redes sociales y culturales \/ plataformas 2.0 y 3.0<\/span><\/li>\n<li style=\"font-weight: 400;\"><span style=\"font-weight: 400; font-family: GothamLight; font-size: 28px;\">Dise\u00f1o gr\u00e1fico<\/span><\/li>\n<li style=\"font-weight: 400;\"><span style=\"font-weight: 400; font-family: GothamLight; font-size: 28px;\">Producci\u00f3n gr\u00e1fica<\/span><\/li>\n<\/ul>\n<p>[\/vc_column_text][\/vc_column][\/vc_row][vc_row][vc_column el_class=&#8221;guio_fons&#8221; css=&#8221;.vc_custom_1589015245150{background-image: url(http:\/\/www.gcultural.cat\/wp-content\/uploads\/2020\/05\/COMUNICACIO\u0301-2.png?id=753) !important;background-position: center !important;background-repeat: no-repeat !important;background-size: contain !important;}&#8221;][\/vc_column][\/vc_row][vc_row][vc_column][vc_empty_space][\/vc_column][\/vc_row][vc_row][vc_column][vc_custom_heading text=&#8221;PROYECTOS&#8221; font_container=&#8221;tag:h3|font_size:36px|text_align:center&#8221; use_theme_fonts=&#8221;yes&#8221; el_class=&#8221;gcultural_projectes_groc&#8221; link=&#8221;url:http%3A%2F%2Fwww.gcultural.cat%2Fes%2Fprojectes%2F|title:Proyectos||&#8221;][\/vc_column][\/vc_row][vc_row][vc_column][vc_empty_space height=&#8221;70px&#8221;][\/vc_column][\/vc_row][vc_row type=&#8221;boxed&#8221;][vc_column]\n    \n\t\t<div class=\"portfolio-isotope-container default_grid items_per_row_4\">\n\n\t        \n\t        <div class=\"portfolio-isotope\">\n\n\t            <div class=\"portfolio-grid-sizer\"><\/div>\n\n\t                \n\t                    <div class=\"portfolio-box hidden   disseny-comunicacio \">\n\n\t                        <a href=\"https:\/\/www.gcultural.cat\/es\/portfolio-item\/redes-sociales-libelista\/\" class=\"portfolio-box-inner hover-effect-link\" style=\"background-color:none\">\n\n\t                            <div class=\"portfolio-content-wrapper hover-effect-content\">\n\n\t                                \t                                    <span class=\"portfolio-thumb hover-effect-thumb\" style=\"background-image: url(https:\/\/www.gcultural.cat\/wp-content\/uploads\/2021\/03\/iphone-1024x683.jpg)\"><\/span>\n\t                                \n\t                                <h2 class=\"portfolio-title hover-effect-title\">Redes Sociales Libelista<\/h2>\n\n\t                                <p class=\"portfolio-categories hover-effect-text\">Disse\u00f1o Comunicaci\u00f3n<\/p>\n\n\t                            <\/div>\n\n\t                        <\/a>\n\n\t                    <\/div>\n\n\t                \n\t                    <div class=\"portfolio-box hidden   disseny-comunicacio \">\n\n\t                        <a href=\"https:\/\/www.gcultural.cat\/es\/portfolio-item\/sant-cugat-a-escena\/\" class=\"portfolio-box-inner hover-effect-link\" style=\"background-color:none\">\n\n\t                            <div class=\"portfolio-content-wrapper hover-effect-content\">\n\n\t                                \t                                    <span class=\"portfolio-thumb hover-effect-thumb\" style=\"background-image: url(https:\/\/www.gcultural.cat\/wp-content\/uploads\/2020\/10\/postal-jazz-1024x819.jpg)\"><\/span>\n\t                                \n\t                                <h2 class=\"portfolio-title hover-effect-title\">Sant Cugat en Escena<\/h2>\n\n\t                                <p class=\"portfolio-categories hover-effect-text\">Disse\u00f1o Comunicaci\u00f3n<\/p>\n\n\t                            <\/div>\n\n\t                        <\/a>\n\n\t                    <\/div>\n\n\t                \n\t                    <div class=\"portfolio-box hidden   disseny-comunicacio \">\n\n\t                        <a href=\"https:\/\/www.gcultural.cat\/es\/portfolio-item\/xarxes-socials-ajuntament-sant-cugat\/\" class=\"portfolio-box-inner hover-effect-link\" style=\"background-color:none\">\n\n\t                            <div class=\"portfolio-content-wrapper hover-effect-content\">\n\n\t                                \t                                    <span class=\"portfolio-thumb hover-effect-thumb\" style=\"background-image: url(https:\/\/www.gcultural.cat\/wp-content\/uploads\/2020\/10\/xxss_centres-1024x682.jpg)\"><\/span>\n\t                                \n\t                                <h2 class=\"portfolio-title hover-effect-title\">Redes sociales Ajuntament de Sant Cugat<\/h2>\n\n\t                                <p class=\"portfolio-categories hover-effect-text\">Disse\u00f1o Comunicaci\u00f3n<\/p>\n\n\t                            <\/div>\n\n\t                        <\/a>\n\n\t                    <\/div>\n\n\t                \n\t                    <div class=\"portfolio-box hidden   disseny-comunicacio \">\n\n\t                        <a href=\"https:\/\/www.gcultural.cat\/es\/portfolio-item\/maria-illa-guma-lalta-costura-a-rubi-2\/\" class=\"portfolio-box-inner hover-effect-link\" style=\"background-color:none\">\n\n\t                            <div class=\"portfolio-content-wrapper hover-effect-content\">\n\n\t                                \t                                    <span class=\"portfolio-thumb hover-effect-thumb\" style=\"background-image: url(https:\/\/www.gcultural.cat\/wp-content\/uploads\/2020\/10\/tri\u0301ptic-maria-illa-1-1024x683.jpg)\"><\/span>\n\t                                \n\t                                <h2 class=\"portfolio-title hover-effect-title\">Maria Illa Gum\u00e0. La alta costura en Rub\u00ed<\/h2>\n\n\t                                <p class=\"portfolio-categories hover-effect-text\">Disse\u00f1o Comunicaci\u00f3n<\/p>\n\n\t                            <\/div>\n\n\t                        <\/a>\n\n\t                    <\/div>\n\n\t                \n\t                    <div class=\"portfolio-box hidden   disseny-comunicacio \">\n\n\t                        <a href=\"https:\/\/www.gcultural.cat\/es\/portfolio-item\/luminic-festival-fotografia\/\" class=\"portfolio-box-inner hover-effect-link\" style=\"background-color:none\">\n\n\t                            <div class=\"portfolio-content-wrapper hover-effect-content\">\n\n\t                                \t                                    <span class=\"portfolio-thumb hover-effect-thumb\" style=\"background-image: url(https:\/\/www.gcultural.cat\/wp-content\/uploads\/2020\/10\/luminicweb-1024x1024.png)\"><\/span>\n\t                                \n\t                                <h2 class=\"portfolio-title hover-effect-title\">Lum\u00ednic Festival de fotograf\u00eda<\/h2>\n\n\t                                <p class=\"portfolio-categories hover-effect-text\">Disse\u00f1o Comunicaci\u00f3n<\/p>\n\n\t                            <\/div>\n\n\t                        <\/a>\n\n\t                    <\/div>\n\n\t                \n\t                    <div class=\"portfolio-box hidden   disseny-comunicacio \">\n\n\t                        <a href=\"https:\/\/www.gcultural.cat\/es\/portfolio-item\/convocatories-arts-visuals-sant-cugat\/\" class=\"portfolio-box-inner hover-effect-link\" style=\"background-color:none\">\n\n\t                            <div class=\"portfolio-content-wrapper hover-effect-content\">\n\n\t                                \t                                    <span class=\"portfolio-thumb hover-effect-thumb\" style=\"background-image: url(https:\/\/www.gcultural.cat\/wp-content\/uploads\/2020\/10\/convos_1.2-1024x1024.png)\"><\/span>\n\t                                \n\t                                <h2 class=\"portfolio-title hover-effect-title\">Convocatorias Artes Visuales Sant Cugat<\/h2>\n\n\t                                <p class=\"portfolio-categories hover-effect-text\">Disse\u00f1o Comunicaci\u00f3n<\/p>\n\n\t                            <\/div>\n\n\t                        <\/a>\n\n\t                    <\/div>\n\n\t                \n\t                    <div class=\"portfolio-box hidden   disseny-comunicacio \">\n\n\t                        <a href=\"https:\/\/www.gcultural.cat\/es\/portfolio-item\/1766-2\/\" class=\"portfolio-box-inner hover-effect-link\" style=\"background-color:none\">\n\n\t                            <div class=\"portfolio-content-wrapper hover-effect-content\">\n\n\t                                \t                                    <span class=\"portfolio-thumb hover-effect-thumb\" style=\"background-image: url(https:\/\/www.gcultural.cat\/wp-content\/uploads\/2020\/10\/cartells-01-1024x711.png)\"><\/span>\n\t                                \n\t                                <h2 class=\"portfolio-title hover-effect-title\">Campa\u00f1a Oh!Ficina Jove<\/h2>\n\n\t                                <p class=\"portfolio-categories hover-effect-text\">Disse\u00f1o Comunicaci\u00f3n<\/p>\n\n\t                            <\/div>\n\n\t                        <\/a>\n\n\t                    <\/div>\n\n\t                \n\t                    <div class=\"portfolio-box hidden   disseny-comunicacio \">\n\n\t                        <a href=\"https:\/\/www.gcultural.cat\/es\/portfolio-item\/els-camins-de-nadal\/\" class=\"portfolio-box-inner hover-effect-link\" style=\"background-color:none\">\n\n\t                            <div class=\"portfolio-content-wrapper hover-effect-content\">\n\n\t                                \t                                    <span class=\"portfolio-thumb hover-effect-thumb\" style=\"background-image: url(https:\/\/www.gcultural.cat\/wp-content\/uploads\/2020\/05\/comunicacio_1-1024x1024.jpg)\"><\/span>\n\t                                \n\t                                <h2 class=\"portfolio-title hover-effect-title\">Los Caminos de la Navidad<\/h2>\n\n\t                                <p class=\"portfolio-categories hover-effect-text\">Disse\u00f1o Comunicaci\u00f3n<\/p>\n\n\t                            <\/div>\n\n\t                        <\/a>\n\n\t                    <\/div>\n\n\t                \n\t        <\/div><!--portfolio-isotope-->\n\n\t    <\/div><!--portfolio-isotope-container-->\n\n\t[\/vc_column][\/vc_row][vc_row][vc_column][vc_empty_space height=&#8221;70px&#8221;][\/vc_column][\/vc_row]<\/p>\n","protected":false},"excerpt":{"rendered":"<p>[vc_row][vc_column width=&#8221;1\/4&#8243;][\/vc_column][vc_column width=&#8221;1\/2&#8243;][vc_column_text] Servicio integral en el \u00e1mbito de la comunicaci\u00f3n. Servicios multidisciplinares con el objetivo de mejorar la comunicaci\u00f3n empresarial y cultural. Elaboraci\u00f3n de estrategias globales_ [\/vc_column_text][\/vc_column][vc_column width=&#8221;1\/4&#8243;][\/vc_column][\/vc_row][vc_row][vc_column][vc_empty_space][\/vc_column][\/vc_row][vc_row equal_height=&#8221;yes&#8221; content_placement=&#8221;middle&#8221;][vc_column width=&#8221;5\/12&#8243; css=&#8221;.vc_custom_1589015233432{background-image: url(http:\/\/www.gcultural.cat\/wp-content\/uploads\/2020\/05\/COMUNICACIO\u0301-1-1.png?id=752) !important;background-position: center !important;background-repeat: no-repeat !important;background-size: contain !important;}&#8221; el_class=&#8221;lletra_fons&#8221;][\/vc_column][vc_column width=&#8221;7\/12&#8243;][vc_column_text] Diagn\u00f3stico de planes de comunicaci\u00f3n Conciliaci\u00f3n de estrategias online y offline Especialistas [&hellip;]<\/p>\n","protected":false},"author":1,"featured_media":0,"parent":2,"menu_order":0,"comment_status":"closed","ping_status":"closed","template":"page-full-width.php","meta":[],"_links":{"self":[{"href":"https:\/\/www.gcultural.cat\/es\/wp-json\/wp\/v2\/pages\/32"}],"collection":[{"href":"https:\/\/www.gcultural.cat\/es\/wp-json\/wp\/v2\/pages"}],"about":[{"href":"https:\/\/www.gcultural.cat\/es\/wp-json\/wp\/v2\/types\/page"}],"author":[{"embeddable":true,"href":"https:\/\/www.gcultural.cat\/es\/wp-json\/wp\/v2\/users\/1"}],"replies":[{"embeddable":true,"href":"https:\/\/www.gcultural.cat\/es\/wp-json\/wp\/v2\/comments?post=32"}],"version-history":[{"count":35,"href":"https:\/\/www.gcultural.cat\/es\/wp-json\/wp\/v2\/pages\/32\/revisions"}],"predecessor-version":[{"id":2081,"href":"https:\/\/www.gcultural.cat\/es\/wp-json\/wp\/v2\/pages\/32\/revisions\/2081"}],"up":[{"embeddable":true,"href":"https:\/\/www.gcultural.cat\/es\/wp-json\/wp\/v2\/pages\/2"}],"wp:attachment":[{"href":"https:\/\/www.gcultural.cat\/es\/wp-json\/wp\/v2\/media?parent=32"}],"curies":[{"name":"wp","href":"https:\/\/api.w.org\/{rel}","templated":true}]}}